{"id":34,"date":"2018-01-23T22:26:46","date_gmt":"2018-01-23T21:26:46","guid":{"rendered":"http:\/\/www.rott.it\/premi\/"},"modified":"2025-10-21T11:46:38","modified_gmt":"2025-10-21T09:46:38","slug":"pesc","status":"publish","type":"page","link":"https:\/\/www.rott.it\/la\/pesc","title":{"rendered":"Pes\u0107"},"content":{"rendered":"<div class=\"fusion-fullwidth fullwidth-box fusion-builder-row-1 nonhundred-percent-fullwidth non-hundred-percent-height-scrolling\" style=\"background-color: rgba(255,255,255,0.71);background-position: center center;background-repeat: no-repeat;padding-top:25px;padding-right:25px;padding-bottom:25px;padding-left:25px;margin-bottom: 0px;margin-top: 0px;border-width: 0px 0px 0px 0px;border-color:#eae9e9;border-style:solid;\" ><div class=\"fusion-builder-row fusion-row\"><div class=\"fusion-layout-column fusion_builder_column fusion-builder-column-0 fusion_builder_column_1_1 1_1 fusion-one-full fusion-column-first fusion-column-last\" style=\"margin-top:0px;margin-bottom:0px;\"><div class=\"fusion-column-wrapper fusion-flex-column-wrapper-legacy\" style=\"background-position:left top;background-repeat:no-repeat;-webkit-background-size:cover;-moz-background-size:cover;-o-background-size:cover;background-size:cover;padding: 0px 0px 0px 0px;\"><div class=\"fusion-text fusion-text-1\"><p><strong>Pes\u0107<\/strong><\/p>\n<ul>\n<li>Oscar Internazionale A.F.A., 1\u00ba Pest de pit\u00f6ra moderna, Milan<\/li>\n<li>Pest Biennale di Venezia \u2013Basilica San Marco por l\u2019 interpretaziun dl&#8217;ert sci\u00f6che atualit\u00e9 de vita<\/li>\n<li>Magister Artis \u2013Reconescim\u00ebnt por l&#8217;ativit\u00e9 tl ciamp dla pit\u00f6ra y dla scolt\u00f6ra, Milan, FENESPART<\/li>\n<li>Premio Internazionale Caravaggio , Milan<\/li>\n<li>1\u00b0 Premio I Grandi Maestri dell\u2019 Arte Internazionale, Milan<\/li>\n<li>L\u2019 Orbita (Novara), 1\u00ba Pest de scolt\u00f6ra<\/li>\n<li>Il Gallo d\u2019 Oro Abbiategrasso, 1\u00ba Pest de scolt\u00f6ra<\/li>\n<li>Il Gallo d\u2019 Oro Abbiategrasso, 1\u00ba Pest asolut de scolt\u00f6ra y pit\u00f6ra<\/li>\n<li>Master Citt\u00e0 di Milano, 1\u00ba Pest de scolt\u00f6ra<\/li>\n<li>Trofeo Citt\u00e0 di Como, 1\u00ba Pest de scolt\u00f6ra<\/li>\n<li>Monza Primavera, 1\u00ba Pest de scolt\u00f6ra<\/li>\n<li>Il Quadrato Catalogo d\u2019 Arte, 1\u00ba Pest de scolt\u00f6ra, Milan<\/li>\n<li>Parini d\u2019 Oro, 1\u00ba Pest asolut de scolt\u00f6ra y pit\u00f6ra, Como<\/li>\n<li>Trofeo Filippo de Pisis, 1\u00ba Pest de scolt\u00f6ra, Ferrara<\/li>\n<li>La Scure d\u2019 Oro Robbio, 2\u00ba Pest de scolt\u00f6ra<\/li>\n<\/ul>\n<p>Da stud\u00ebnt \u00e1 Rott tut pert y \u00e1 davagn\u00e9 le 2. Pest al Concorso Nazionale di Ceramica \u2013 Mostra dei giovani vasai organis\u00e9 dal Istitut Cova de Milan.<\/p>\n<\/div><div class=\"fusion-video fusion-vimeo fusion-aligncenter\" style=\"max-width:800px;max-height:450px; width:100%\"><div class=\"video-shortcode\"><iframe title=\"Vimeo video player 1\" src=\"https:\/\/player.vimeo.com\/video\/70417082?autoplay=0&autopause=0\" width=\"800\" height=\"450\" allowfullscreen allow=\"autoplay; fullscreen\"><\/iframe><\/div><\/div><div class=\"fusion-clearfix\"><\/div><\/div><\/div><\/div><\/div>\n","protected":false},"excerpt":{"rendered":"","protected":false},"author":1,"featured_media":0,"parent":0,"menu_order":0,"comment_status":"closed","ping_status":"closed","template":"","meta":{"footnotes":""},"_links":{"self":[{"href":"https:\/\/www.rott.it\/la\/wp-json\/wp\/v2\/pages\/34"}],"collection":[{"href":"https:\/\/www.rott.it\/la\/wp-json\/wp\/v2\/pages"}],"about":[{"href":"https:\/\/www.rott.it\/la\/wp-json\/wp\/v2\/types\/page"}],"author":[{"embeddable":true,"href":"https:\/\/www.rott.it\/la\/wp-json\/wp\/v2\/users\/1"}],"replies":[{"embeddable":true,"href":"https:\/\/www.rott.it\/la\/wp-json\/wp\/v2\/comments?post=34"}],"version-history":[{"count":4,"href":"https:\/\/www.rott.it\/la\/wp-json\/wp\/v2\/pages\/34\/revisions"}],"predecessor-version":[{"id":3908,"href":"https:\/\/www.rott.it\/la\/wp-json\/wp\/v2\/pages\/34\/revisions\/3908"}],"wp:attachment":[{"href":"https:\/\/www.rott.it\/la\/wp-json\/wp\/v2\/media?parent=34"}],"curies":[{"name":"wp","href":"https:\/\/api.w.org\/{rel}","templated":true}]}}