{"id":745,"date":"2018-02-01T20:23:31","date_gmt":"2018-02-01T19:23:31","guid":{"rendered":"http:\/\/www.rott.it\/home"},"modified":"2025-07-30T16:17:16","modified_gmt":"2025-07-30T14:17:16","slug":"home","status":"publish","type":"page","link":"https:\/\/www.rott.it\/de","title":{"rendered":"Home"},"content":{"rendered":"<div class=\"fusion-fullwidth fullwidth-box fusion-builder-row-1 nonhundred-percent-fullwidth non-hundred-percent-height-scrolling\" style=\"background-color: rgba(255,255,255,0.71);background-position: center center;background-repeat: no-repeat;padding-top:25px;padding-right:25px;padding-bottom:25px;padding-left:25px;margin-bottom: 0px;margin-top: 0px;border-width: 0px 0px 0px 0px;border-color:#eae9e9;border-style:solid;\" ><div class=\"fusion-builder-row fusion-row\"><div class=\"fusion-layout-column fusion_builder_column fusion-builder-column-0 fusion_builder_column_1_1 1_1 fusion-one-full fusion-column-first fusion-column-last\" style=\"margin-top:0px;margin-bottom:20px;\"><div class=\"fusion-column-wrapper fusion-flex-column-wrapper-legacy\" style=\"background-position:left top;background-repeat:no-repeat;-webkit-background-size:cover;-moz-background-size:cover;-o-background-size:cover;background-size:cover;padding: 0px 0px 0px 0px;\"><div class=\"fusion-text fusion-text-1\"><p><img decoding=\"async\" class=\"alignnone size-full wp-image-736 aligncenter\" src=\"https:\/\/www.rott.it\/wp-content\/uploads\/Catalogo-Lois-Rottonara-1.jpg\" alt=\"\" width=\"595\" height=\"842\" srcset=\"https:\/\/www.rott.it\/wp-content\/uploads\/Catalogo-Lois-Rottonara-1-200x283.jpg 200w, https:\/\/www.rott.it\/wp-content\/uploads\/Catalogo-Lois-Rottonara-1-212x300.jpg 212w, https:\/\/www.rott.it\/wp-content\/uploads\/Catalogo-Lois-Rottonara-1-400x566.jpg 400w, https:\/\/www.rott.it\/wp-content\/uploads\/Catalogo-Lois-Rottonara-1.jpg 595w\" sizes=\"(max-width: 595px) 100vw, 595px\" \/><\/p>\n<\/div><div class=\"fusion-text fusion-text-2\"><h3 style=\"text-align: center;\"><a href=\"https:\/\/www.rott.it\/wp-content\/uploads\/Catalogo-Lois-Rottonara-2023.pdf\">KATALOG ONLINE LESEN<\/a><\/h3>\n<\/div><div class=\"fusion-text fusion-text-3\"><p><img decoding=\"async\" class=\"aligncenter wp-image-3534 size-fusion-400\" src=\"https:\/\/www.rott.it\/wp-content\/uploads\/CAM-online-ROTT-400x733.jpg\" alt=\"\" width=\"400\" height=\"733\" srcset=\"https:\/\/www.rott.it\/wp-content\/uploads\/\/CAM-online-ROTT-164x300.jpg 164w, https:\/\/www.rott.it\/wp-content\/uploads\/\/CAM-online-ROTT-200x366.jpg 200w, https:\/\/www.rott.it\/wp-content\/uploads\/\/CAM-online-ROTT-400x733.jpg 400w, https:\/\/www.rott.it\/wp-content\/uploads\/\/CAM-online-ROTT-559x1024.jpg 559w, https:\/\/www.rott.it\/wp-content\/uploads\/\/CAM-online-ROTT-600x1099.jpg 600w, https:\/\/www.rott.it\/wp-content\/uploads\/\/CAM-online-ROTT-768x1407.jpg 768w, https:\/\/www.rott.it\/wp-content\/uploads\/\/CAM-online-ROTT-800x1465.jpg 800w, https:\/\/www.rott.it\/wp-content\/uploads\/\/CAM-online-ROTT-839x1536.jpg 839w, https:\/\/www.rott.it\/wp-content\/uploads\/CAM-online-ROTT.jpg 1080w\" sizes=\"(max-width: 400px) 100vw, 400px\" \/><\/p>\n<h1 style=\"text-align: center;\"><a href=\"https:\/\/www.catalogoartemoderna.it\/artisti\/luigi-rottonara\">CAM online ROTT<\/a><\/h1>\n<\/div><div class=\"imageframe-align-center\"><span class=\" fusion-imageframe imageframe-none imageframe-1 hover-type-none\"><img decoding=\"async\" width=\"219\" height=\"300\" title=\"ROTT Artisti Mondadori 2022\" src=\"https:\/\/www.rott.it\/wp-content\/uploads\/ROTT-Artisti-Mondadori-2022-219x300.jpg\" alt class=\"img-responsive wp-image-2765\" srcset=\"https:\/\/www.rott.it\/wp-content\/uploads\/ROTT-Artisti-Mondadori-2022-200x274.jpg 200w, https:\/\/www.rott.it\/wp-content\/uploads\/ROTT-Artisti-Mondadori-2022-400x549.jpg 400w, https:\/\/www.rott.it\/wp-content\/uploads\/ROTT-Artisti-Mondadori-2022-600x823.jpg 600w, https:\/\/www.rott.it\/wp-content\/uploads\/ROTT-Artisti-Mondadori-2022-800x1097.jpg 800w, https:\/\/www.rott.it\/wp-content\/uploads\/ROTT-Artisti-Mondadori-2022-1200x1646.jpg 1200w, https:\/\/www.rott.it\/wp-content\/uploads\/ROTT-Artisti-Mondadori-2022-scaled.jpg 1866w\" sizes=\"(max-width: 800px) 100vw, 1200px\" \/><\/span><\/div><div class=\"fusion-text fusion-text-4\"><h3 class=\"fusion-responsive-typography-calculated\" style=\"text-align: center;\" data-fontsize=\"26\" data-lineheight=\"39px\"><a href=\"https:\/\/www.rott.it\/de\/rott-jahrbuch-artisti-22-im-abgeordnetenhaus-in-rom\">K\u00fcnstler 2022 \u2013 internationales Jahrbuch zeitgen\u00f6ssischer Kunst &#8211; Verlag Mondadori\u00a0<\/a><\/h3>\n<\/div><style type=\"text\/css\">.fusion-gallery-1 .fusion-gallery-image {border:0px solid #f6f6f6;}<\/style><div class=\"fusion-gallery fusion-gallery-container fusion-grid-3 fusion-columns-total-4 fusion-gallery-layout-grid fusion-gallery-1\" style=\"margin:-5px;\"><div style=\"padding:5px;\" class=\"fusion-grid-column fusion-gallery-column fusion-gallery-column-3 hover-type-none\"><div class=\"fusion-gallery-image\"><a href=\"https:\/\/www.rott.it\/wp-content\/uploads\/Lois-Rottonara-ROTT-Susy-Rottonara-1-scaled.jpg\" rel=\"noreferrer\" data-rel=\"iLightbox[gallery_image_1]\" class=\"fusion-lightbox\" target=\"_self\"><img decoding=\"async\" src=\"https:\/\/www.rott.it\/wp-content\/uploads\/Lois-Rottonara-ROTT-Susy-Rottonara-1-scaled.jpg\" width=\"1213\" height=\"2560\" alt=\"\" title=\"Lois Rottonara ROTT &#038; Susy Rottonara\" aria-label=\"Lois Rottonara ROTT &#038; Susy Rottonara\" class=\"img-responsive wp-image-2942\" srcset=\"https:\/\/www.rott.it\/wp-content\/uploads\/Lois-Rottonara-ROTT-Susy-Rottonara-1-200x422.jpg 200w, https:\/\/www.rott.it\/wp-content\/uploads\/Lois-Rottonara-ROTT-Susy-Rottonara-1-400x844.jpg 400w, https:\/\/www.rott.it\/wp-content\/uploads\/Lois-Rottonara-ROTT-Susy-Rottonara-1-600x1267.jpg 600w, https:\/\/www.rott.it\/wp-content\/uploads\/Lois-Rottonara-ROTT-Susy-Rottonara-1-800x1689.jpg 800w, https:\/\/www.rott.it\/wp-content\/uploads\/Lois-Rottonara-ROTT-Susy-Rottonara-1-1200x2533.jpg 1200w, https:\/\/www.rott.it\/wp-content\/uploads\/Lois-Rottonara-ROTT-Susy-Rottonara-1-scaled.jpg 1213w\" sizes=\"(min-width: 2200px) 100vw, (min-width: 784px) 363px, (min-width: 712px) 545px, (min-width: 640px) 712px, \" \/><\/a><\/div><\/div><div style=\"padding:5px;\" class=\"fusion-grid-column fusion-gallery-column fusion-gallery-column-3 hover-type-none\"><div class=\"fusion-gallery-image\"><a href=\"https:\/\/www.rott.it\/wp-content\/uploads\/Sgarbi-opere-ROTT.jpg\" rel=\"noreferrer\" data-rel=\"iLightbox[gallery_image_1]\" class=\"fusion-lightbox\" target=\"_self\"><img decoding=\"async\" src=\"https:\/\/www.rott.it\/wp-content\/uploads\/Sgarbi-opere-ROTT.jpg\" width=\"1480\" height=\"1450\" alt=\"\" title=\"Sgarbi opere ROTT\" aria-label=\"Sgarbi opere ROTT\" class=\"img-responsive wp-image-3315\" srcset=\"https:\/\/www.rott.it\/wp-content\/uploads\/Sgarbi-opere-ROTT-200x196.jpg 200w, https:\/\/www.rott.it\/wp-content\/uploads\/Sgarbi-opere-ROTT-400x392.jpg 400w, https:\/\/www.rott.it\/wp-content\/uploads\/Sgarbi-opere-ROTT-600x588.jpg 600w, https:\/\/www.rott.it\/wp-content\/uploads\/Sgarbi-opere-ROTT-800x784.jpg 800w, https:\/\/www.rott.it\/wp-content\/uploads\/Sgarbi-opere-ROTT-1200x1176.jpg 1200w, https:\/\/www.rott.it\/wp-content\/uploads\/Sgarbi-opere-ROTT.jpg 1480w\" sizes=\"(min-width: 2200px) 100vw, (min-width: 784px) 363px, (min-width: 712px) 545px, (min-width: 640px) 712px, \" \/><\/a><\/div><\/div><div style=\"padding:5px;\" class=\"fusion-grid-column fusion-gallery-column fusion-gallery-column-3 hover-type-none\"><div class=\"fusion-gallery-image\"><a href=\"https:\/\/www.rott.it\/wp-content\/uploads\/spo2-1.jpg\" rel=\"noreferrer\" data-rel=\"iLightbox[gallery_image_1]\" class=\"fusion-lightbox\" target=\"_self\"><img decoding=\"async\" src=\"https:\/\/www.rott.it\/wp-content\/uploads\/spo2-1.jpg\" width=\"1340\" height=\"1000\" alt=\"\" title=\"spo2\" aria-label=\"spo2\" class=\"img-responsive wp-image-2394\" srcset=\"https:\/\/www.rott.it\/wp-content\/uploads\/spo2-1-200x149.jpg 200w, https:\/\/www.rott.it\/wp-content\/uploads\/spo2-1-400x299.jpg 400w, https:\/\/www.rott.it\/wp-content\/uploads\/spo2-1-600x448.jpg 600w, https:\/\/www.rott.it\/wp-content\/uploads\/spo2-1-800x597.jpg 800w, https:\/\/www.rott.it\/wp-content\/uploads\/spo2-1-1200x896.jpg 1200w, https:\/\/www.rott.it\/wp-content\/uploads\/spo2-1.jpg 1340w\" sizes=\"(min-width: 2200px) 100vw, (min-width: 784px) 363px, (min-width: 712px) 545px, (min-width: 640px) 712px, \" \/><\/a><\/div><\/div><div class=\"clearfix\"><\/div><div style=\"padding:5px;\" class=\"fusion-grid-column fusion-gallery-column fusion-gallery-column-3 hover-type-none\"><div class=\"fusion-gallery-image\"><a href=\"https:\/\/www.rott.it\/wp-content\/uploads\/IMG_20210926_190424-1.jpg\" rel=\"noreferrer\" data-rel=\"iLightbox[gallery_image_1]\" class=\"fusion-lightbox\" target=\"_self\"><img decoding=\"async\" src=\"https:\/\/www.rott.it\/wp-content\/uploads\/IMG_20210926_190424-1.jpg\" width=\"494\" height=\"597\" alt=\"\" title=\"IMG_20210926_190424-1\" aria-label=\"IMG_20210926_190424-1\" class=\"img-responsive wp-image-1419\" srcset=\"https:\/\/www.rott.it\/wp-content\/uploads\/IMG_20210926_190424-1-200x242.jpg 200w, https:\/\/www.rott.it\/wp-content\/uploads\/IMG_20210926_190424-1-400x483.jpg 400w, https:\/\/www.rott.it\/wp-content\/uploads\/IMG_20210926_190424-1.jpg 494w\" sizes=\"(min-width: 2200px) 100vw, (min-width: 784px) 363px, (min-width: 712px) 545px, (min-width: 640px) 712px, \" \/><\/a><\/div><\/div><\/div><div class=\"fusion-text fusion-text-5\"><h4 style=\"text-align: center;\"><strong>NEWS HIGHLIGHTS:\u00a0<\/strong><\/h4>\n<h3 style=\"text-align: center;\"><a href=\"https:\/\/www.rott.it\/de\/rott-arte-e-musica-alla-milano-fashion-week\">ROTT Kunst und Musik beim internationalen Event Fashion Art and More bei der Milano Fashion Week 2023<\/a><\/h3>\n<p><img decoding=\"async\" class=\"aligncenter wp-image-2994 size-full\" src=\"https:\/\/www.rott.it\/wp-content\/uploads\/Susy-Rottonara-Haute-Art-Couture-ROTT-1.jpg\" alt=\"\" width=\"1500\" height=\"1002\" srcset=\"https:\/\/www.rott.it\/wp-content\/uploads\/Susy-Rottonara-Haute-Art-Couture-ROTT-1-200x134.jpg 200w, https:\/\/www.rott.it\/wp-content\/uploads\/Susy-Rottonara-Haute-Art-Couture-ROTT-1-300x200.jpg 300w, https:\/\/www.rott.it\/wp-content\/uploads\/Susy-Rottonara-Haute-Art-Couture-ROTT-1-400x267.jpg 400w, https:\/\/www.rott.it\/wp-content\/uploads\/Susy-Rottonara-Haute-Art-Couture-ROTT-1-600x401.jpg 600w, https:\/\/www.rott.it\/wp-content\/uploads\/Susy-Rottonara-Haute-Art-Couture-ROTT-1-768x513.jpg 768w, https:\/\/www.rott.it\/wp-content\/uploads\/Susy-Rottonara-Haute-Art-Couture-ROTT-1-800x534.jpg 800w, https:\/\/www.rott.it\/wp-content\/uploads\/Susy-Rottonara-Haute-Art-Couture-ROTT-1-1024x684.jpg 1024w, https:\/\/www.rott.it\/wp-content\/uploads\/Susy-Rottonara-Haute-Art-Couture-ROTT-1-1200x802.jpg 1200w, https:\/\/www.rott.it\/wp-content\/uploads\/Susy-Rottonara-Haute-Art-Couture-ROTT-1.jpg 1500w\" sizes=\"(max-width: 1500px) 100vw, 1500px\" \/><\/p>\n<\/div><div class=\"fusion-text fusion-text-6\"><h4 style=\"text-align: center;\"><\/h4>\n<h4 style=\"text-align: center;\"><span style=\"color: #3366ff;\"><a style=\"color: #3366ff;\" href=\"https:\/\/www.rott.it\/de\/haute-art-couture-by-rott-bei-der-milano-fashion-week\">INSTALLATION HAUTE ART COUTURE BY ROTT ANL\u00c4SSLICH DER MILANO FASHION WEEK 2021<\/a><\/span><\/h4>\n<h4 style=\"text-align: center;\"><span style=\"color: #3366ff;\"><a style=\"color: #3366ff;\" href=\"https:\/\/www.rott.it\/de\/rott-bei-der-ausstellung-art-cavallo-fieracavalli-verona\">ROTT BEI ART &amp; CAVALLO MIT DER AU\u00dfERGEW\u00d6HNLICHEN TEILNAHME VON VITTORIO SGARBI<\/a><\/span><\/h4>\n<\/div><div class=\"fusion-text fusion-text-7\"><h4 style=\"text-align: center;\">HIGHLIGHTS KUNSTWERKE: <span style=\"color: #00ccff;\"><strong><a style=\"color: #00ccff;\" href=\"https:\/\/www.rott.it\/de\/pitture\"><span style=\"color: #800080;\">HAUTE COUTURE und <\/span><\/a><\/strong><\/span><strong><a href=\"https:\/\/www.rott.it\/de\/pitture\"><span style=\"color: #0000ff;\">PFERDE<\/span><\/a><\/strong><\/h4>\n<h3 style=\"text-align: center;\"><\/h3>\n<\/div><style type=\"text\/css\">.fusion-gallery-2 .fusion-gallery-image {border:0px solid #f6f6f6;}<\/style><div class=\"fusion-gallery fusion-gallery-container fusion-grid-3 fusion-columns-total-2 fusion-gallery-layout-grid fusion-gallery-2\" style=\"margin:-5px;\"><div style=\"padding:5px;\" class=\"fusion-grid-column fusion-gallery-column fusion-gallery-column-3 hover-type-none\"><div class=\"fusion-gallery-image\"><a href=\"https:\/\/www.rott.it\/wp-content\/uploads\/LOGO-ROTT-ARTE-E-MUSICA.png\" rel=\"noreferrer\" data-rel=\"iLightbox[gallery_image_2]\" class=\"fusion-lightbox\" target=\"_self\"><img decoding=\"async\" src=\"https:\/\/www.rott.it\/wp-content\/uploads\/LOGO-ROTT-ARTE-E-MUSICA.png\" width=\"1181\" height=\"1181\" alt=\"\" title=\"LOGO ROTT ARTE E MUSICA\" aria-label=\"LOGO ROTT ARTE E MUSICA\" class=\"img-responsive wp-image-2925\" srcset=\"https:\/\/www.rott.it\/wp-content\/uploads\/LOGO-ROTT-ARTE-E-MUSICA-200x200.png 200w, https:\/\/www.rott.it\/wp-content\/uploads\/LOGO-ROTT-ARTE-E-MUSICA-400x400.png 400w, https:\/\/www.rott.it\/wp-content\/uploads\/LOGO-ROTT-ARTE-E-MUSICA-600x600.png 600w, https:\/\/www.rott.it\/wp-content\/uploads\/LOGO-ROTT-ARTE-E-MUSICA-800x800.png 800w, https:\/\/www.rott.it\/wp-content\/uploads\/LOGO-ROTT-ARTE-E-MUSICA.png 1181w\" sizes=\"(min-width: 2200px) 100vw, (min-width: 784px) 363px, (min-width: 712px) 545px, (min-width: 640px) 712px, \" \/><\/a><\/div><\/div><div style=\"padding:5px;\" class=\"fusion-grid-column fusion-gallery-column fusion-gallery-column-3 hover-type-none\"><div class=\"fusion-gallery-image\"><a href=\"https:\/\/www.rott.it\/wp-content\/uploads\/Sito-Rott.jpg\" rel=\"noreferrer\" data-rel=\"iLightbox[gallery_image_2]\" class=\"fusion-lightbox\" target=\"_self\"><img decoding=\"async\" src=\"https:\/\/www.rott.it\/wp-content\/uploads\/Sito-Rott.jpg\" width=\"1440\" height=\"1440\" alt=\"\" title=\"Sito Rott\" aria-label=\"Sito Rott\" class=\"img-responsive wp-image-1380\" srcset=\"https:\/\/www.rott.it\/wp-content\/uploads\/Sito-Rott-200x200.jpg 200w, https:\/\/www.rott.it\/wp-content\/uploads\/Sito-Rott-400x400.jpg 400w, https:\/\/www.rott.it\/wp-content\/uploads\/Sito-Rott-600x600.jpg 600w, https:\/\/www.rott.it\/wp-content\/uploads\/Sito-Rott-800x800.jpg 800w, https:\/\/www.rott.it\/wp-content\/uploads\/Sito-Rott-1200x1200.jpg 1200w, https:\/\/www.rott.it\/wp-content\/uploads\/Sito-Rott.jpg 1440w\" sizes=\"(min-width: 2200px) 100vw, (min-width: 784px) 363px, (min-width: 712px) 545px, (min-width: 640px) 712px, \" \/><\/a><\/div><\/div><div class=\"clearfix\"><\/div><\/div><div class=\"fusion-text fusion-text-8\"><h3 style=\"text-align: center;\"><a href=\"https:\/\/www.susyrottonara.com\/de\/rott-musik-und-kunst\"><strong><span style=\"color: #800080;\">Entdecken Sie ROTT &#8211; KUNST UND MUSIK<\/span><\/strong><\/a><\/h3>\n<p>Lois Rottonara ROTT und seine Tochter <span style=\"color: #ff00ff;\"><a style=\"color: #ff00ff;\" href=\"https:\/\/www.susyrottonara.com\/de\">Susy Rottonara<\/a><\/span> -Musikk\u00fcnstlerin und Kulturbotschafterin- haben an mehreren Kulturevents von Kunst und Musik, an Ausstellungen und an multimedialen Produktionen\u00a0 zu den ladinischen Sagen der Dolomiten zusammengearbeitet, die auch international vorgestellt und ausgezeichnet wurden.<\/p>\n<p>Durch die Performance von musikalischen St\u00fccken aus dem klassischen Repertoire f\u00fcr Klavier und aus dem Opernrepertoire f\u00fcr Sopran und Klavier wird eine Verkn\u00fcpfung zu den Kunstwerken angeboten, die dem Publikum ein gesamtes kulturelles Erlebnis von Kunst und Musik erm\u00f6glicht.<\/p>\n<h3 class=\"fusion-responsive-typography-calculated\" style=\"text-align: center;\" data-fontsize=\"26\" data-lineheight=\"39px\"><\/h3>\n<\/div><div class=\"fusion-clearfix\"><\/div><\/div><\/div><\/div><\/div>\n","protected":false},"excerpt":{"rendered":"","protected":false},"author":1,"featured_media":0,"parent":0,"menu_order":0,"comment_status":"closed","ping_status":"closed","template":"","meta":{"footnotes":""},"_links":{"self":[{"href":"https:\/\/www.rott.it\/de\/wp-json\/wp\/v2\/pages\/745"}],"collection":[{"href":"https:\/\/www.rott.it\/de\/wp-json\/wp\/v2\/pages"}],"about":[{"href":"https:\/\/www.rott.it\/de\/wp-json\/wp\/v2\/types\/page"}],"author":[{"embeddable":true,"href":"https:\/\/www.rott.it\/de\/wp-json\/wp\/v2\/users\/1"}],"replies":[{"embeddable":true,"href":"https:\/\/www.rott.it\/de\/wp-json\/wp\/v2\/comments?post=745"}],"version-history":[{"count":14,"href":"https:\/\/www.rott.it\/de\/wp-json\/wp\/v2\/pages\/745\/revisions"}],"predecessor-version":[{"id":3680,"href":"https:\/\/www.rott.it\/de\/wp-json\/wp\/v2\/pages\/745\/revisions\/3680"}],"wp:attachment":[{"href":"https:\/\/www.rott.it\/de\/wp-json\/wp\/v2\/media?parent=745"}],"curies":[{"name":"wp","href":"https:\/\/api.w.org\/{rel}","templated":true}]}}