{"id":20,"date":"2018-01-23T11:14:36","date_gmt":"2018-01-23T10:14:36","guid":{"rendered":"http:\/\/www.rott.it\/pagina-di-esempio\/"},"modified":"2026-04-21T17:20:18","modified_gmt":"2026-04-21T15:20:18","slug":"profil","status":"publish","type":"page","link":"https:\/\/www.rott.it\/de\/profil","title":{"rendered":"Profil"},"content":{"rendered":"<div class=\"fusion-fullwidth fullwidth-box fusion-builder-row-1 nonhundred-percent-fullwidth non-hundred-percent-height-scrolling\" style=\"background-color: rgba(255,255,255,0.71);background-position: center center;background-repeat: no-repeat;padding-top:25px;padding-right:25px;padding-bottom:25px;padding-left:25px;margin-bottom: 0px;margin-top: 0px;border-width: 0px 0px 0px 0px;border-color:#eae9e9;border-style:solid;\" ><div class=\"fusion-builder-row fusion-row\"><div class=\"fusion-layout-column fusion_builder_column fusion-builder-column-0 fusion_builder_column_3_4 3_4 fusion-three-fourth fusion-column-first\" style=\"width:74%; margin-right: 4%;margin-top:0px;margin-bottom:0px;\"><div class=\"fusion-column-wrapper fusion-flex-column-wrapper-legacy\" style=\"background-position:left top;background-repeat:no-repeat;-webkit-background-size:cover;-moz-background-size:cover;-o-background-size:cover;background-size:cover;padding: 0px 0px 0px 0px;\"><div class=\"fusion-text fusion-text-1\"><p><strong>Lois Rottonara<\/strong> <strong>ROTT <\/strong>wurde im Jahre 1938 in Stern im Gadertal (BZ -Italien) geboren. Nach Abschluss der Kunstschule in Wolkenstein erfolgte seine Weiterbildung an der Kunsthochschule \u2013Magistero d\u2019Arte\u2013 in Florenz. Anschlie\u00dfend war er \u00fcber 20 Jahre in verschiedenen Schulen und Kunstlehranstalten im Gadertal, in Mailand und Provinz als Lehrkraft t\u00e4tig. W\u00e4hrend dieser Zeit widmete er sich der Malerei und der Bildhauerkunst und begab sich auf die Suche nach neuen Formen und Inhalten der modernen Kunst. Dabei befasste er sich mit verschiedenen zeitgen\u00f6ssischen Str\u00f6mungen und setzte sich mit den verschiedensten Materialien auseinander. Seine Vielf\u00e4ltigkeit hat ihm verschiedene Entfaltungsm\u00f6glichkeiten er\u00f6ffnet, sodass er alsbald sei es auf der in- als auch auf der ausl\u00e4ndischen Kunstszene zu einem Begriff geworden ist. Viele Werke dieses ladinischen K\u00fcnstlers befinden sich au\u00dferhalb Italiens, wobei Kunstgalerien, verschiedene Kunstanstalten, Privatsammler, Kirchen und Kathedralen zu seinen Auftraggebern z\u00e4hlen.<\/p>\n<p><strong>Die Kunst von ROTT ist charakterisiert durch die Vorliebe zu den Frauengestalten und zum Pferd als Sujets und sein unvergleichlicher Stil ist gekennzeichnet durch die Gespaltenheit der Figuren, sowohl in der Bildhauerei als auch in der Malerei.<\/strong> Aus dem Riss durch den K\u00f6rper entsteht eine realistische Darstellung der einen H\u00e4lfte der Figur bzw. des Profils und eine verschwommene Darstellung der anderen, sodass der Teil zum Ganzen und das Ganze zum Teil wird in der Spannung zwischen Sicherem und Unsicherem, Wirklichkeit und Traum, Sein und Nichtsein. Die k\u00fchne Anwendung der Farben zielt auf die Ausstrahlung der Freude, der Leidenschaft und der Sch\u00f6nheit.<\/p>\n<p><strong><u>AUSSTELLUNGEN <\/u><\/strong><\/p>\n<p>ROTT hat pers\u00f6nliche &#8211; und Kollektivausstellungen in Gro\u00dfst\u00e4dten Europas \u2013besonders in Italien und Deutschland\u2013, Nord- und S\u00fcdamerikas gemacht. Zu den bedeutendsten z\u00e4hlen:<\/p>\n<p>in 2017\u00a0 im Rahmen der <a href=\"https:\/\/www.rott.it\/de\/rott-alla-mostra-energia-creativa-tra-astrazione-e-figurazione-parallela-alla-57-biennale-darte-di-venezia\"><strong>57. Kunstbiennale von Venedig<\/strong><\/a> im Palazzo Albrizzi und in 2013 im <a href=\"https:\/\/www.rott.it\/de\/dolasila-la-figura-femminile-nelle-leggende-ladine-delle-dolomiti-2\"><strong>MART<\/strong><\/a> in Rovereto; in 2023 Vorstellung seiner Kunstwerke aus der Sammlung <em>Haute Arte Couture by ROTT<\/em>\u00a0 bei der <a href=\"https:\/\/www.rott.it\/de\/rott-arte-e-musica-alla-milano-fashion-week\"><strong>Modeschau ROTT &#8211; Kunst und Musik<\/strong><\/a> im Rahmen der\u00a0 Milano Fashion Week; in 2021 die <a href=\"https:\/\/www.rott.it\/de\/haute-art-couture-by-rott-bei-der-milano-fashion-week\"><strong>Installation Haute Art Couture by ROTT<\/strong> <\/a>in der Galleria Vittorio Emanuele in Mailand im Rahmen der Milano Fashion Week, in 2018 <a href=\"https:\/\/www.rott.it\/de\/larte-di-rott-allistituto-italiano-di-cultura-di-cracovia\"><em>Essentia. Tra spazio e tempo.<\/em><\/a> unter Ehrenschutz des Ministero degli Affari esteri im Istituto Italiano di Cultura in Krakau;\u00a0 in 2016 bei <a href=\"https:\/\/www.rott.it\/de\/rott-a-spoleto-arte-festival-dei-due-mondi-a-cura-di-vittorio-sgarbi-2\"><strong><em>Spoleto Arte<\/em> kuratiert von Vittorio Sgarbi<\/strong> <\/a>beim Festival dei due Mondi in Spoleto ausgestellt und beim <a href=\"https:\/\/www.rott.it\/de\/rott-alla-triennale-di-verona-tra-gli-artisti-d-o-c-2\"><strong><em>Projekt D.O.C. \u2013 K\u00fcnstler zum Investierien<\/em> von Paolo Levi<\/strong> <\/a>bei der Triennale von Verona, in New York und in Washington; in 2015 bei <a href=\"https:\/\/www.rott.it\/de\/larte-di-rott-alla-mostra-internazionale-miami-meets-milano-organizzata-dalla-biennale-milano-2\"><strong><em>Miami meets Milano<\/em><\/strong><\/a> in Miami veranstaltet von der <strong>Biennale Milano<\/strong> in Zusammenhang mit <strong>Miami Art Basel; <\/strong>in 2012 wurden seine Werke f\u00fcr das <a href=\"https:\/\/www.rott.it\/de\/319\"><strong>BMW \u2013 Kunstadventskalender<\/strong><\/a> ausgesucht; im <strong>Palazzo della Permanente in Mailand<\/strong> anl\u00e4sslich der <em>LXXII Mostra annuale d\u2019arte della regione lombarda;<\/em> bei der Installation Dolasila in der <a href=\"https:\/\/www.rott.it\/de\/dolasila-la-figura-femminile-nelle-leggende-ladine-delle-dolomiti\"><strong>Museum Stiftung L.Matalon in Mailand<\/strong><\/a> und im <a href=\"https:\/\/www.rott.it\/wp-content\/uploads\/Dolasila-Malta-Poster.pdf\"><strong>Italienischen Kultuinstitut auf Malta<\/strong><\/a>. in 2014\u00a0 bei der <a href=\"https:\/\/www.rott.it\/de\/larte-di-rott-alla-i-biennale-darte-by-artexpo-principato-di-monaco-2014-2\"><strong>Biennale von ArtExp\u00f2 in Montecarlo<\/strong><\/a>&#8211; Monaco; in 2020 bei <a href=\"https:\/\/www.rott.it\/de\/rott-bei-der-ausstellung-art-cavallo-bei-fiera-cavalli-verona\"><em>Art &amp; Cavallo<\/em> Verona<\/a> und <a href=\"https:\/\/www.rott.it\/de\/rott-bei-der-ausstellung-ester-ladins-wir-ladiner-messner-mountain-museum\"><em>Ester Ladins<\/em> <\/a>-Messner Mountain Museum Bruneck.<\/p>\n<p>ROTT kommt in zahlreichen <strong><u>Kunstkatalogen<\/u><\/strong> vor, darunter:<\/p>\n<ul>\n<li><a href=\"https:\/\/www.rott.it\/rott-nel-cam-60\"><strong>CAM Catalogo dell&#8217;arte moderna<\/strong> <\/a>2024, 70. edizione &#8211; Cairo e Giorgio Mondadori editori<\/li>\n<li><a href=\"https:\/\/www.rott.it\/de\/rott-jahrbuch-artisti-22-im-abgeordnetenhaus-in-rom\"><em><strong>Artisti&#8217;22<\/strong><\/em><\/a>, Annuario internazionale d&#8217;arte contemporanea &#8211; Mondadori 2022<\/li>\n<li><em><strong>Maestri<\/strong><\/em><strong>, <\/strong>kuratiert von<strong>Vittorio Sgarbi, <\/strong>2016;<\/li>\n<li><em><strong>Italiani<\/strong><\/em><strong> \u2013 Selezione d\u2019arte contemporanea, <\/strong>kuratiert von <strong>Vittorio Sgarbi<\/strong>, 2016;<\/li>\n<li><em><strong>Pittori e scultori italiani del Novecento<\/strong><\/em> (Italienische Maler und Bildhauer des 20. Jahrhunderts) \u2013 Il Quadrato, 2005<\/li>\n<li><em><strong>Pittori e scultori italiani di importanza europea<\/strong><\/em> (Italienische Maler und Bildhauer von europ\u00e4ischer Bedeutung) \u2013 Il Quadrato, 1992;<\/li>\n<li><em><strong>Bolaffi<\/strong><\/em> \u2013Catalogo della scultura italiana, Nr.5, 1981;<\/li>\n<li><em><strong>LXXII Mostra annuale d\u2019arte della regione lombarda<\/strong><\/em> (1972);<\/li>\n<li><em><strong>Art Now &#8211; Italian Masters<\/strong> <\/em>(2020)<\/li>\n<li><em>Itinera<\/em> \u2013 k\u00fcnstlerische Wege in S\u00fcdtirol, 1995<\/li>\n<li><em>Percorso ricognitivo nella scultura altoatesina<\/em>, 1990-1993<\/li>\n<li><em>Artis\u0107 Val Badia<\/em>, EPL, 1996<\/li>\n<\/ul>\n<p><strong><u>\u00d6FFENTLICHE WERKE<\/u><\/strong>:<\/p>\n<p><em>Via Crucis<\/em>, darunter jene in der Kirche von S.Maria Goretti in Mailand und jene in der Pfarrkirche in Barbisano (TV), sowie auch und zahlreiche Kunstdenkm\u00e4ler besonders aus sakraler Kunst.<\/p>\n<p>Im Jahr 2007 hat er eine Krippe aus Holz f\u00fcr Papst Benedikt XVI. geschnitzt.<\/p>\n<p>ROTT hat zahlreiche literarische Werke illustriert ver\u00f6ffentlicht in Italien und im Ausland &#8211;<a href=\"https:\/\/www.rott.it\/de\/illustrationen-fuer-literarische-werke-und-verschiedene-texte\">siehe entsprechende Seite<\/a>.<\/p>\n<p>ROTT war Mitglied des K\u00fcnstler-Komitees bei der 1987 von der Autonomen Provinz Bozen organisierten Ausstellung<em> panorama &amp; Panorama<\/em> und war sowohl Jurymitglied als auch Jurypr\u00e4sident bei mehreren Kunstwettbewerben.<\/p>\n<p><a href=\"https:\/\/www.rott.it\/de\/category\/multimediale-projekte\"><strong>INSTALLATIONEN UND MULTIMEDIALE PROJEKTE<\/strong><\/a><\/p>\n<p>Im Rahmen des Projektes <a href=\"https:\/\/www.susyrottonara.com\/de\/rott-musik-und-kunst\"><strong><em>ROTT \u2013Kunst und Musik<\/em><\/strong><\/a> in Zusammenarbeit mit seiner Tochter, der Musikerin <a href=\"https:\/\/www.susyrottonara.com\/de\"><strong>Susy Rottonara<\/strong><\/a> war er k\u00fcnstlerischer Berater beim international ausgezeichneten<a href=\"https:\/\/www.susyrottonara.com\/de\/der-film-das-reich-der-fanes-ein-erfullter-traum\"> Film <em>Le R\u00ebgn de Fanes \u2013 Das Reich der Fanes<\/em><\/a> und hat in 2011 die Szenenbilder zur international ausgezeichneten <a href=\"https:\/\/www.susyrottonara.com\/de\/fanes-poem-musical-das-musikschauspiel-der-dolomiten\">Oper <em>Fanes Poem Musical<\/em><\/a> geschaffen. In 2013 hat er mit Susy die multimediale Installation <a href=\"https:\/\/www.susyrottonara.com\/de\/installation-dolasila\"><em>Dolasila<\/em> im <strong>MART<\/strong> Museum<\/a> in Rovereto und im Museum\u2013Stiftung L.Matalon in Mailand verwirklicht, in 2014 im Italienischen Kulturinsitut auf Malta. In 2016 hat er die Szenenbilder zum multimedialen Konzert <a href=\"https:\/\/www.susyrottonara.com\/de\/der-traum-von-dolasila-2\"><em>Il sogno di Dolasila<\/em> &#8211; <em>Der Traum von Dolasila<\/em><\/a> geschaffen. In 2017 hat eine Videoinstallation aus <em>Il sogno di Dolasila<\/em> an der Ausstellung <a href=\"https:\/\/www.rott.it\/de\/rott-alla-mostra-energia-creativa-tra-astrazione-e-figurazione-parallela-alla-57-biennale-darte-di-venezia\"><em>Energia creativa \u2013 tra astrazione e figurazione<\/em><\/a> im Rahmen der <strong>57. Kunstbiennale von Venedig <\/strong>im Palazzo Albrizzi, Sitz des Guatemala Pavillons, teilgenommen. Die <a href=\"https:\/\/www.rott.it\/de\/haute-art-couture-by-rott-bei-der-milano-fashion-week\"><strong>Installation Haute Art Couture by ROTT<\/strong> ,<\/a>die in der Galleria Vittorio Emanuele in Mailand im Rahmen der Milano Fashion Week im September 2021 Premiere erlebte, wurde in Zusammenhang mit dem multimedialen Projekt <a href=\"https:\/\/www.susyrottonara.com\/de\/midsummer-blooming-2021\"><strong>Midsummer blooming 2021<\/strong><\/a> unter dem Ehrenschutz des Istituto Nazionale Arte Cultura Spettacolo verwirklicht. In 2023 hat er seine Kunstwerke aus der Sammlung <em>Haute Arte Couture by ROTT<\/em>\u00a0 bei der <a href=\"https:\/\/www.rott.it\/de\/rott-arte-e-musica-alla-milano-fashion-week\"><strong>Modeschau ROTT &#8211; Kunst und Musik<\/strong><\/a> im Rahmen der\u00a0 Milano Fashion Week vorgestellt.<\/p>\n<p><strong>\u00a0<\/strong><\/p>\n<p><strong>\u00a0<\/strong><\/p>\n<p><strong>\u00a0<\/strong><\/p>\n<p><strong>\u00a0<\/strong><\/p>\n<\/div><div class=\"fusion-video fusion-vimeo\" style=\"max-width:600px;max-height:360px;\"><div class=\"video-shortcode\"><iframe title=\"Vimeo video player 1\" src=\"https:\/\/player.vimeo.com\/video\/70417081?autoplay=0&autopause=0\" width=\"600\" height=\"360\" allowfullscreen allow=\"autoplay; fullscreen\"><\/iframe><\/div><\/div><div class=\"fusion-video fusion-vimeo\" style=\"max-width:600px;max-height:360px;\"><div class=\"video-shortcode\"><iframe title=\"Vimeo video player 2\" src=\"https:\/\/player.vimeo.com\/video\/70417085?autoplay=0&autopause=0\" width=\"600\" height=\"360\" allowfullscreen allow=\"autoplay; fullscreen\"><\/iframe><\/div><\/div><div class=\"fusion-clearfix\"><\/div><\/div><\/div><div class=\"fusion-layout-column fusion_builder_column fusion-builder-column-1 fusion_builder_column_1_4 1_4 fusion-one-fourth fusion-column-last\" style=\"width:22%;margin-top:0px;margin-bottom:20px;\"><div class=\"fusion-column-wrapper fusion-flex-column-wrapper-legacy\" style=\"background-position:left top;background-repeat:no-repeat;-webkit-background-size:cover;-moz-background-size:cover;-o-background-size:cover;background-size:cover;padding: 0px 0px 0px 0px;\"><div class=\"imageframe-align-center\"><span class=\" fusion-imageframe imageframe-none imageframe-1 hover-type-none\"><img decoding=\"async\" width=\"200\" height=\"300\" title=\"foto-profilo-rott\" src=\"http:\/\/www.rott.it\/wp-content\/uploads\/foto-profilo-rott-200x300.jpg\" alt class=\"img-responsive wp-image-1887\" srcset=\"https:\/\/www.rott.it\/wp-content\/uploads\/foto-profilo-rott-200x300.jpg 200w, https:\/\/www.rott.it\/wp-content\/uploads\/foto-profilo-rott-400x600.jpg 400w, https:\/\/www.rott.it\/wp-content\/uploads\/foto-profilo-rott-600x900.jpg 600w, https:\/\/www.rott.it\/wp-content\/uploads\/foto-profilo-rott-800x1200.jpg 800w, https:\/\/www.rott.it\/wp-content\/uploads\/foto-profilo-rott.jpg 1000w\" sizes=\"(max-width: 800px) 100vw, 400px\" \/><\/span><\/div><span class=\" fusion-imageframe imageframe-none imageframe-2 hover-type-none\"><img decoding=\"async\" width=\"225\" height=\"300\" title=\"IMG-20220331-WA0015\" src=\"https:\/\/www.rott.it\/wp-content\/uploads\/IMG-20220331-WA0015-225x300.jpg\" alt class=\"img-responsive wp-image-2740\" srcset=\"https:\/\/www.rott.it\/wp-content\/uploads\/IMG-20220331-WA0015-200x267.jpg 200w, https:\/\/www.rott.it\/wp-content\/uploads\/IMG-20220331-WA0015-400x533.jpg 400w, https:\/\/www.rott.it\/wp-content\/uploads\/IMG-20220331-WA0015.jpg 435w\" sizes=\"(max-width: 800px) 100vw, 400px\" \/><\/span><span class=\" fusion-imageframe imageframe-none imageframe-3 hover-type-none\"><img decoding=\"async\" width=\"225\" height=\"300\" title=\"ma_1\" src=\"https:\/\/www.rott.it\/wp-content\/uploads\/ma_1-1-225x300.jpg\" alt class=\"img-responsive wp-image-2529\" srcset=\"https:\/\/www.rott.it\/wp-content\/uploads\/ma_1-1-200x267.jpg 200w, https:\/\/www.rott.it\/wp-content\/uploads\/ma_1-1-400x533.jpg 400w, https:\/\/www.rott.it\/wp-content\/uploads\/ma_1-1-600x800.jpg 600w, https:\/\/www.rott.it\/wp-content\/uploads\/ma_1-1.jpg 750w\" sizes=\"(max-width: 800px) 100vw, 400px\" \/><\/span><div class=\"imageframe-align-center\"><span class=\" fusion-imageframe imageframe-none imageframe-4 hover-type-none\"><img decoding=\"async\" width=\"142\" height=\"300\" title=\"Lois Rottonara ROTT &#038; Susy Rottonara\" src=\"https:\/\/www.rott.it\/wp-content\/uploads\/Lois-Rottonara-ROTT-Susy-Rottonara-1-142x300.jpg\" alt class=\"img-responsive wp-image-2942\" srcset=\"https:\/\/www.rott.it\/wp-content\/uploads\/Lois-Rottonara-ROTT-Susy-Rottonara-1-200x422.jpg 200w, https:\/\/www.rott.it\/wp-content\/uploads\/Lois-Rottonara-ROTT-Susy-Rottonara-1-400x844.jpg 400w, https:\/\/www.rott.it\/wp-content\/uploads\/Lois-Rottonara-ROTT-Susy-Rottonara-1-600x1267.jpg 600w, https:\/\/www.rott.it\/wp-content\/uploads\/Lois-Rottonara-ROTT-Susy-Rottonara-1-800x1689.jpg 800w, https:\/\/www.rott.it\/wp-content\/uploads\/Lois-Rottonara-ROTT-Susy-Rottonara-1-1200x2533.jpg 1200w, https:\/\/www.rott.it\/wp-content\/uploads\/Lois-Rottonara-ROTT-Susy-Rottonara-1-scaled.jpg 1213w\" sizes=\"(max-width: 800px) 100vw, 400px\" \/><\/span><\/div><div class=\"fusion-clearfix\"><\/div><\/div><\/div><\/div><\/div>\n","protected":false},"excerpt":{"rendered":"","protected":false},"author":1,"featured_media":0,"parent":0,"menu_order":0,"comment_status":"closed","ping_status":"closed","template":"","meta":{"footnotes":""},"_links":{"self":[{"href":"https:\/\/www.rott.it\/de\/wp-json\/wp\/v2\/pages\/20"}],"collection":[{"href":"https:\/\/www.rott.it\/de\/wp-json\/wp\/v2\/pages"}],"about":[{"href":"https:\/\/www.rott.it\/de\/wp-json\/wp\/v2\/types\/page"}],"author":[{"embeddable":true,"href":"https:\/\/www.rott.it\/de\/wp-json\/wp\/v2\/users\/1"}],"replies":[{"embeddable":true,"href":"https:\/\/www.rott.it\/de\/wp-json\/wp\/v2\/comments?post=20"}],"version-history":[{"count":15,"href":"https:\/\/www.rott.it\/de\/wp-json\/wp\/v2\/pages\/20\/revisions"}],"predecessor-version":[{"id":4219,"href":"https:\/\/www.rott.it\/de\/wp-json\/wp\/v2\/pages\/20\/revisions\/4219"}],"wp:attachment":[{"href":"https:\/\/www.rott.it\/de\/wp-json\/wp\/v2\/media?parent=20"}],"curies":[{"name":"wp","href":"https:\/\/api.w.org\/{rel}","templated":true}]}}